{"id":5012,"date":"2022-12-29T10:41:40","date_gmt":"2022-12-29T09:41:40","guid":{"rendered":"https:\/\/www.podistipercaso.it\/home\/?page_id=5012"},"modified":"2024-12-03T08:59:42","modified_gmt":"2024-12-03T07:59:42","slug":"grand-prix-maratonine-2023","status":"publish","type":"page","link":"https:\/\/www.podistipercaso.it\/home\/grand-prix-maratonine-2023\/","title":{"rendered":"Grand Prix Maratonine 2023"},"content":{"rendered":"<p><a href=\"https:\/\/www.podistipercaso.it\/home\/Grand_Prix_Maratonine_2023\/Classifica_IX_Maratonina_dei_Nebrodi.pdf\" target=\"_blank\" rel=\"noopener\">12 Febbraio 2023 Sant\u2019Agata Militello (ME) \u2013 9^ Maratonina dei Nebrodi<\/a><\/p>\n<p><a href=\"https:\/\/www.podistipercaso.it\/home\/Grand_Prix_Maratonine_2023\/Half_MArathon_Agrigento.pdf\" target=\"_blank\" rel=\"noopener\">26 Febbraio 2023 Agrigento \u2013 19^ Mezza Maratona della \u201cConcordia Citt\u00e0 di Agrigento\u201d<\/a><\/p>\n<p><a href=\"https:\/\/www.podistipercaso.it\/home\/Grand_Prix_Maratonine_2023\/Mezza_Maratona_Enna_2023.pdf\" target=\"_blank\" rel=\"noopener\">26 Marzo 2023\u00a0 Pergusa (EN) &#8211; 11^ Mezza Maratona Citt\u00e0 di Enna<\/a><\/p>\n<p><a href=\"https:\/\/www.podistipercaso.it\/home\/Grand_Prix_Maratonine_2023\/Classifica_VIII_Maratonina_del_Vino.pdf\" target=\"_blank\" rel=\"noopener\">23 Aprile 2023 Marsala (TP) &#8211; 8^ Maratonina Marsala Citt\u00e0 del Vino<\/a><\/p>\n<p><a href=\"https:\/\/www.podistipercaso.it\/home\/Grand_Prix_Maratonine_2023\/TROFEO_MARATONINA_PERLA_DEL_TIRRENO_-_Classifica.pdf\" target=\"_blank\" rel=\"noopener\">01 Ottobre 2023 Cefal\u00f9 (PA) &#8211; 5\u00b0 Trofeo Maratonina Perla\u00a0 del Tirreno<\/a><\/p>\n<p><a href=\"https:\/\/www.podistipercaso.it\/home\/Grand_Prix_Maratonine_2023\/Maratonina Blu Jonio.pdf\" target=\"_blank\" rel=\"noopener\">29 Ottobre 2023 Riposto (CT) &#8211; 11\u00b0 Maratonina Blu Jonio<\/a><\/p>\n<p><a href=\"https:\/\/www.podistipercaso.it\/home\/Grand_Prix_Maratonine_2023\/Classifiche_IX_Maratonina_del_Golfo_e_Trofeo_AISA.pdf\" target=\"_blank\" rel=\"noopener\">12 Novembre 2023 Gela (CL) &#8211; 9\u00b0 Maratonina del Golfo<\/a><\/p>\n<p><a href=\"https:\/\/www.podistipercaso.it\/home\/Grand_Prix_Maratonine_2023\/VI Half Marathon Arancia di Ribera_2023.pdf\">17 Dicembre 2023 Ribera (AG) &#8211; 5\u00b0 Half Marathon Ribera Citt\u00e0 delle Arance<\/a><\/p>\n<p><a href=\"https:\/\/www.podistipercaso.it\/home\/Grand_Prix_Maratonine_2023\/Classifica_GP_Mezze_Maratone_Ind_e_Soc_dopo_7_prove_2023.pdf\" target=\"_blank\" rel=\"noopener\">Classifica<\/a><\/p>\n","protected":false},"excerpt":{"rendered":"<p>12 Febbraio 2023 Sant\u2019Agata Militello (ME) \u2013 9^ Maratonina dei Nebrodi 26 Febbraio 2023 Agrigento \u2013 19^ Mezza Maratona della \u201cConcordia Citt\u00e0 di Agrigento\u201d 26 Marzo 2023\u00a0 Pergusa (EN) &#8211; 11^ Mezza Maratona Citt\u00e0 di Enna 23 Aprile 2023 Marsala (TP) &#8211; 8^ Maratonina Marsala Citt\u00e0 del Vino 01 Ottobre 2023 Cefal\u00f9 (PA) &#8211; 5\u00b0 [&hellip;]<\/p>\n","protected":false},"author":1,"featured_media":0,"parent":0,"menu_order":0,"comment_status":"closed","ping_status":"closed","template":"","meta":{"footnotes":""},"class_list":["post-5012","page","type-page","status-publish","hentry"],"jetpack_sharing_enabled":true,"_links":{"self":[{"href":"https:\/\/www.podistipercaso.it\/home\/wp-json\/wp\/v2\/pages\/5012","targetHints":{"allow":["GET"]}}],"collection":[{"href":"https:\/\/www.podistipercaso.it\/home\/wp-json\/wp\/v2\/pages"}],"about":[{"href":"https:\/\/www.podistipercaso.it\/home\/wp-json\/wp\/v2\/types\/page"}],"author":[{"embeddable":true,"href":"https:\/\/www.podistipercaso.it\/home\/wp-json\/wp\/v2\/users\/1"}],"replies":[{"embeddable":true,"href":"https:\/\/www.podistipercaso.it\/home\/wp-json\/wp\/v2\/comments?post=5012"}],"version-history":[{"count":22,"href":"https:\/\/www.podistipercaso.it\/home\/wp-json\/wp\/v2\/pages\/5012\/revisions"}],"predecessor-version":[{"id":5642,"href":"https:\/\/www.podistipercaso.it\/home\/wp-json\/wp\/v2\/pages\/5012\/revisions\/5642"}],"wp:attachment":[{"href":"https:\/\/www.podistipercaso.it\/home\/wp-json\/wp\/v2\/media?parent=5012"}],"curies":[{"name":"wp","href":"https:\/\/api.w.org\/{rel}","templated":true}]}}