{"id":1719,"date":"2016-12-03T14:59:37","date_gmt":"2016-12-03T13:59:37","guid":{"rendered":"http:\/\/www.podistipercaso.it\/home\/?page_id=1719"},"modified":"2018-06-19T07:32:25","modified_gmt":"2018-06-19T05:32:25","slug":"altre-gare-2017","status":"publish","type":"page","link":"https:\/\/www.podistipercaso.it\/home\/altre-gare-2017\/","title":{"rendered":"Altre Gare 2017"},"content":{"rendered":"<p><a href=\"https:\/\/www.podistipercaso.it\/home\/Altre_Gare_2017\/Classifica_Taormina_2017.pdf\" target=\"_blank\" rel=\"noopener noreferrer\">01 Gennaio 2017 Taormina (ME) &#8211; 42\u00b0 Tuffo a Mare e Corsa<\/a><\/p>\n<p><a href=\"https:\/\/www.podistipercaso.it\/home\/Altre_Gare_2017\/14^ Podistica d'Epifania.pdf\" target=\"_blank\" rel=\"noopener noreferrer\">06 Gennaio 2017 Giarre (CT) \u2013 14^ Podistica d\u2019Epifania \u201cMemorial Pro. Angelo Gambino\u201d<\/a><\/p>\n<p><a href=\"https:\/\/www.podistipercaso.it\/home\/Altre_Gare_2017\/9_Maratona_Messina.pdf\" target=\"_blank\" rel=\"noopener noreferrer\">15 Gennaio 2017 Messina \u2013 9<sup>a<\/sup>\u00a0MARATONA \u201cANTONELLO DA MESSINA\u201d<\/a><\/p>\n<p><a href=\"https:\/\/www.podistipercaso.it\/home\/Altre_Gare_2017\/Cross_Mazzarino_2017.pdf\" target=\"_blank\" rel=\"noopener noreferrer\">22 Gennaio 2017 Mazzarino (CL) \u2013 CDS di Cross settore Agonistico \u00e8\u00a0Promozionale 1\u00aa prova<\/a><\/p>\n<p><a href=\"https:\/\/www.podistipercaso.it\/home\/Altre_Gare_2017\/MARATONA_DI_RAGUSA_2017.pdf\" target=\"_blank\" rel=\"noopener noreferrer\">29 Gennaio 2017 Ragusa \u2013\u00a0XIV MARATONA CITTA\u2019 DI RAGUSA<\/a><\/p>\n<p><a href=\"https:\/\/www.podistipercaso.it\/home\/Altre_Gare_2017\/2017_8944_1_02002_Coppa_SantAgata_2017-Generale_-_10km_Risultati_ufficiali.pdf\" target=\"_blank\" rel=\"noopener noreferrer\">03 Febbraio 2017 Catania \u2013 2^ Coppa Sant\u2019Agata Trofeo runcard<\/a><\/p>\n<p><a href=\"https:\/\/www.podistipercaso.it\/home\/Altre_Gare_2017\/Cross_Piazza_Armerina_2017.pdf\" target=\"_blank\" rel=\"noopener noreferrer\">05 Febbraio 2017 Piazza Armerina (EN) \u2013\u00a0CDS di Cross settore Agonistico \u00e8 Promozionale 2\u00aa prova<\/a><\/p>\n<p><a href=\"https:\/\/www.podistipercaso.it\/home\/Altre_Gare_2017\/Maratonina_Centobuchi_2017.pdf\" target=\"_blank\" rel=\"noopener noreferrer\">19 February 2017 Centobuchi Di Monteprandone AP &#8211; 28 Maratonina di Centobuchi<\/a><\/p>\n<p>19 Febbraio 2017 Siracusa \u2013\u00a0Camp. Reg. individuali di Cross settore Agonistico \u00e8 Promozionale<\/p>\n<p><a href=\"https:\/\/www.podistipercaso.it\/home\/Altre_Gare_2017\/1_Trofeo_Podistico_Citt_di_Cefal_CLASSIFICA.pdf\" target=\"_blank\" rel=\"noopener noreferrer\">19 Febbraio 2017 Cefal\u00f9 (PA) \u2013 1\u00b0 Trofeo Podistico Citt\u00e0 di Cefal\u00f9<\/a><\/p>\n<p><a href=\"https:\/\/www.podistipercaso.it\/home\/Altre_Gare_2017\/Classifica_Vodafone_Malta_Marathon_2017.pdf\" target=\"_blank\" rel=\"noopener noreferrer\">05 Marzo 2017 Sliema (MLT) &#8211;\u00a0Vodafone Malta Marathon<\/a><\/p>\n<p><a href=\"https:\/\/www.podistipercaso.it\/home\/Altre_Gare_2017\/Strapalermo_Corri_Strapap_2017_CLASSIFICA_ok.pdf\" target=\"_blank\" rel=\"noopener noreferrer\">19 Marzo 2017 Palermo \u2013 StraPalermo \u2013 Corri StraPAPA\u2019<\/a><\/p>\n<p><a href=\"http:\/\/www.fidal.it\/risultati\/2017\/REG13921\/Index.htm\" target=\"_blank\" rel=\"noopener noreferrer\">08 Aprile 2017 Misterbianco (CT) \u2013\u00a0CAMPIONATO ITALIANO ASSOLUTO DI SOCIETA\u2019 DI CORSA 2^ PROVA m. 10.000 SU PISTA J\/P\/S \u2013 FASE REGIONALE CAMPIONATO REGIONALE INDIVIDUALE ASSOLUTO CAMPIONATO REGIONALE INDIVIDUALE 30\u2032 ALLIEVI e 20\u2032 ALLIEVE\u00a0<\/a><\/p>\n<p><a href=\"https:\/\/www.podistipercaso.it\/home\/Altre_Gare_2017\/San_Gregorio_2017.pdf\" target=\"_blank\" rel=\"noopener noreferrer\">15 Aprile 2017 San Gregorio (CT) &#8211; Trofeo San Gregorio Magno<\/a><\/p>\n<p><a href=\"https:\/\/www.podistipercaso.it\/home\/Altre_Gare_2017\/10 km di Cefalu_CLASSIFICA.pdf\" target=\"_blank\" rel=\"noopener noreferrer\">22 Aprile 2017 Cefal\u00f9 (PA) &#8211; Trofeo Citt\u00e0 di Cefal\u00f9<\/a>\u00a0 \u00a0 \u00a0&#8211; \u00a0 \u00a0<a href=\"https:\/\/www.podistipercaso.it\/home\/Altre_Gare_2017\/Running Sicily 2017 - Coppa CONAD_CLASSIFICA.pdf\" target=\"_blank\" rel=\"noopener noreferrer\">Classifica Generale Trofeo Conad<\/a><\/p>\n<p><a href=\"https:\/\/www.podistipercaso.it\/home\/Altre_Gare_2017\/Classifica_Trofeo_Equilibra_Running.pdf\" target=\"_blank\" rel=\"noopener noreferrer\">25 Aprile 2017 Palermo \u2013 1\u00b0 Trofeo Equilibra Running Team<\/a><\/p>\n<p><a href=\"https:\/\/www.podistipercaso.it\/home\/Altre_Gare_2017\/Trecastagni_Star-Generale_-_10km_Risultati_ufficiali.pdf\" target=\"_blank\" rel=\"noopener noreferrer\">01 Maggio 2017 Trecastagni (CT) \u2013 XXXII Trecastagni Star<\/a><\/p>\n<p><a href=\"https:\/\/www.podistipercaso.it\/home\/Altre_Gare_2017\/17_Corsa_su_Strada_Citt_di_Terrasini_CLASSIFICA_1.pdf\" target=\"_blank\" rel=\"noopener noreferrer\">07 Maggio 2017 Terrasini (PA) \u2013 17^ Corsa su Strada Citt\u00e0 di Terrasini<\/a><\/p>\n<p><a href=\"https:\/\/www.podistipercaso.it\/home\/Altre_Gare_2017\/class_dinna2017.pdf\" target=\"_blank\" rel=\"noopener noreferrer\">14 Maggio 2017 Messina \u2013 11\u00b0 Scalata Dinnamare Trofeo Sportado \u201cMemorial Michele Scarantino\u201d<\/a><\/p>\n<p>13 Maggio 2017 Ragusa \u2013 2^ Running Cup \u201cCorriAmo per un Cuore giovane\u201d<\/p>\n<p><a href=\"https:\/\/www.podistipercaso.it\/home\/Altre_Gare_2017\/REGOLAMENTO_1_Trofeo_Comune_di_Lascari_.pdf\" target=\"_blank\" rel=\"noopener noreferrer\">14 Maggio 2017 Lascari (PA) \u2013 \u00a01\u00b0 Trofeo Comune di Lascari<\/a><\/p>\n<p>04 Giugno 2017 Ragusa \u2013 2\u00b0 Duathlon Citt\u00e0 di Ragusa<\/p>\n<p>6\/7 Giugno Catania \u2013\u00a0Campionato di Societ\u00e0 \u201cCoppa Catania\u201d Allievi\/e Camp.ti Prov.li Individuali (A\/J\/P\/Sen\/Mas)<\/p>\n<p>10\/11 Giugno 2017 Palermo \u2013 C.D.S. Master su Pista Fase Regionale<\/p>\n<p>11 Giugno 2017 Savoca (ME) \u2013 Val D\u2019Agr\u00f2 Running<\/p>\n<p><a href=\"https:\/\/www.podistipercaso.it\/home\/Altre_Gare_2017\/4_Corri_alla_Civita.pdf\" target=\"_blank\" rel=\"noopener\">17 Giugno 2017 Catania \u2013 4^ Corri alla Civita<\/a><\/p>\n<p>25 Giugno 2017 Vittoria (RG) \u2013 1^ Jazz Run<\/p>\n<p><a href=\"https:\/\/www.podistipercaso.it\/home\/Altre_Gare_2017\/3^ 6 Ore Citt di Capo D_Orlando by Night.pdf\" target=\"_blank\" rel=\"noopener\">01 Luglio 2017 Capo D\u2019Orlando (ME) \u2013 3^ \u201c6 Ore Citt\u00e0 di Capo D\u2019Orlando\u201d<\/a><\/p>\n<p><a href=\"https:\/\/www.podistipercaso.it\/home\/Altre_Gare_2017\/1 Trofeo Citt di Castelbuono_CLASSIFICA.pdf\" target=\"_blank\" rel=\"noopener\">16 Luglio 2017 Castelbuono (PA) \u2013 Aspettando il Giro \u201c1\u00b0 Trofeo Citt\u00e0 di Castelbuono<\/a><\/p>\n<p>21 Luglio 2017 Scoglitti (RG) \u2013 8\u00b0 Trofeo Parent Project \u201cUna Corsa per la Ricerca\u201d<\/p>\n<p><a href=\"https:\/\/www.podistipercaso.it\/home\/Volantini\/REGOLAMENTO_1_Trofeo_Citt_di_Castelbuono.pdf\" target=\"_blank\" rel=\"noopener\">16 Luglio 2017 Castelbuono (PA) \u2013 Aspettando il Giro \u201c1\u00b0 Trofeo Citt\u00e0 di Castelbuono<\/a><\/p>\n<p><a href=\"https:\/\/www.podistipercaso.it\/home\/Volantini\/gara%20barocco%20running%20scoglitti.1.pdf\" target=\"_blank\" rel=\"noopener\">21 Luglio 2017 Scoglitti (RG) \u2013 8\u00b0 Trofeo Parent Project \u201cUna Corsa per la Ricerca\u201d<\/a><\/p>\n<p><a href=\"https:\/\/www.podistipercaso.it\/home\/Volantini\/dispositivo%20ATLETICA%20SOTTO%20LE%20STELLE%2021-07-2017.pdf\" target=\"_blank\" rel=\"noopener\">21 Luglio 2017 Avola (SR) \u2013 L\u2019Atletica sotto le Stelle<\/a><\/p>\n<p><a href=\"https:\/\/www.podistipercaso.it\/home\/Volantini\/filippide%202017.jpg\" target=\"_blank\" rel=\"noopener noreferrer\">06 Agosto 2017 Chiaramonte Gulfi (RG) \u2013 10\u00b0 La Filippide<\/a><\/p>\n<p><a href=\"https:\/\/www.podistipercaso.it\/home\/Altre_Gare_2017\/25_Trofeo_Podistico_ACSI_Citta_di_Ravanusa_2017.pdf\" target=\"_blank\" rel=\"noopener\">16 Agosto 2017 Ravanusa (AG) \u2013 25\u00b0 Trofeo Podistico ACSI Citt\u00e0 di Ravanusa<\/a><\/p>\n<p><a href=\"https:\/\/www.podistipercaso.it\/home\/Altre_Gare_2017\/StraMazzarino_2017.pdf\" target=\"_blank\" rel=\"noopener\">19 Agosto 2017 Mazzarino &#8211; 30^ StraMazzarino<\/a><\/p>\n<p><a href=\"http:\/\/www.fidal.it\/risultati\/2017\/REG15196\/Index.htm\" target=\"_blank\" rel=\"noopener\">02\/03 Settembre 2017 Enna \u2013\u00a0CAMPIONATO REGIONALE INDIVIDUALE MASTER<\/a><br \/>\n<a href=\"http:\/\/www.fidal.it\/risultati\/2017\/REG15196\/Index.htm\" target=\"_blank\" rel=\"noopener\">Open allievi, juniores, promesse e seniores M-F<\/a><\/p>\n<p><a href=\"https:\/\/www.podistipercaso.it\/home\/Altre_Gare_2017\/SocCorri e Cammina per Amatrice.pdf\" target=\"_blank\" rel=\"noopener\">03 Settembre 2017 Ragusa \u2013 SocCorri e Cammina per Amatrice<\/a><\/p>\n<p><a href=\"https:\/\/www.podistipercaso.it\/home\/Altre_Gare_2017\/Trofeo Piano Alto.pdf\" target=\"_blank\" rel=\"noopener\">09 Settembre 2017 Noto (SR) \u2013\u00a0\u201c1\u00b0 Trofeo del Piano Alto | Citta di Noto\u201d<\/a><\/p>\n<p><a href=\"https:\/\/www.podistipercaso.it\/home\/Altre_Gare_2017\/Terre Iblee Tour 2017.pdf\" target=\"_blank\" rel=\"noopener\">08-09-10 Settembre 2017 Scicli (RG) \u2013 \u201cTERRE IBLEE TOUR\u201d corsa a tappe nei luoghi di Montalbano<\/a><\/p>\n<p><a href=\"https:\/\/www.podistipercaso.it\/home\/Altre_Gare_2017\/2017_9496_1_09009_26_Trofeo_Maria_SS_degli_Ammalati-Generale_Risultati_ufficiali.pdf\" target=\"_blank\" rel=\"noopener\">22 Settembre 2017 Misterbianco (CT) \u2013 XXVI Trofeo Maria SS degli Ammalati<\/a><\/p>\n<p><a href=\"https:\/\/www.podistipercaso.it\/home\/Altre_Gare_2017\/2017_9519_1_09009_VIII_Trofeo_Podistico_Terra_dei_Branciforti-Generale_Risultati_ufficiali.pdf\" target=\"_blank\" rel=\"noopener\">23 Settembre 2017 Leonforte (EN) &#8211;\u00a0VIII Trofeo Podistico Terra dei Branciforti<\/a><\/p>\n<p><a href=\"https:\/\/www.podistipercaso.it\/home\/Altre_Gare_2017\/Palermo International Half Marathon_CLASSIFICA.pdf\" target=\"_blank\" rel=\"noopener\">15 Ottobre 2017 Palermo &#8211; Palermo Half Marathon &#8220;Trofeo CONAD&#8221;<\/a>\u00a0 ___\u00a0\u00a0<a href=\"https:\/\/www.podistipercaso.it\/home\/Altre_Gare_2017\/Running Sicily 2017 - Coppa CONAD_CLASSIFICA (1).pdf\" target=\"_blank\" rel=\"noopener\">Classifica Generale Finale<\/a><\/p>\n<p><a href=\"https:\/\/www.podistipercaso.it\/home\/Altre_Gare_2017\/Classifica_Corri_Aragona_2017.pdf\" target=\"_blank\" rel=\"noopener\">15 Ottobre 2017 Aragona (AG) &#8211; 9^ Corri Aragona<\/a><\/p>\n<p><a href=\"https:\/\/www.podistipercaso.it\/home\/Altre_Gare_2017\/100km_del_Val_di_Noto_2017.pdf\" target=\"_blank\" rel=\"noopener\">04 Novembre 2017 Ragusa\/Noto \u2013 100 Km del Val di Noto<\/a><\/p>\n<p><a href=\"https:\/\/www.podistipercaso.it\/home\/Altre_Gare_2017\/II Cerasuolo di Vittoria Runners_2017.pdf\" target=\"_blank\" rel=\"noopener\">12 Novembre 2017 Vittoria (RG) &#8211;\u00a0<span class=\"edition_number\">II\u00a0<\/span>Cerasuolo di Vittoria Runners<\/a><\/p>\n<p><a href=\"https:\/\/www.podistipercaso.it\/home\/Altre_Gare_2017\/RISULTATI X^ STRAPUNTESE 26-11-2017.pdf\" target=\"_blank\" rel=\"noopener\">26 Novembre 2017 San Giovanni La Punta (CT) \u2013 10^ Strapuntese<\/a><\/p>\n<p>16 Giugno 2018 Castelbuono (PA) \u2013 Aspettando il Giro di Castelbuono<\/p>\n<p>&nbsp;<\/p>\n","protected":false},"excerpt":{"rendered":"<p>01 Gennaio 2017 Taormina (ME) &#8211; 42\u00b0 Tuffo a Mare e Corsa 06 Gennaio 2017 Giarre (CT) \u2013 14^ Podistica d\u2019Epifania \u201cMemorial Pro. Angelo Gambino\u201d 15 Gennaio 2017 Messina \u2013 9a\u00a0MARATONA \u201cANTONELLO DA MESSINA\u201d 22 Gennaio 2017 Mazzarino (CL) \u2013 CDS di Cross settore Agonistico \u00e8\u00a0Promozionale 1\u00aa prova 29 Gennaio 2017 Ragusa \u2013\u00a0XIV MARATONA CITTA\u2019 [&hellip;]<\/p>\n","protected":false},"author":1,"featured_media":0,"parent":0,"menu_order":0,"comment_status":"closed","ping_status":"closed","template":"","meta":{"footnotes":""},"class_list":["post-1719","page","type-page","status-publish","hentry"],"jetpack_sharing_enabled":true,"_links":{"self":[{"href":"https:\/\/www.podistipercaso.it\/home\/wp-json\/wp\/v2\/pages\/1719","targetHints":{"allow":["GET"]}}],"collection":[{"href":"https:\/\/www.podistipercaso.it\/home\/wp-json\/wp\/v2\/pages"}],"about":[{"href":"https:\/\/www.podistipercaso.it\/home\/wp-json\/wp\/v2\/types\/page"}],"author":[{"embeddable":true,"href":"https:\/\/www.podistipercaso.it\/home\/wp-json\/wp\/v2\/users\/1"}],"replies":[{"embeddable":true,"href":"https:\/\/www.podistipercaso.it\/home\/wp-json\/wp\/v2\/comments?post=1719"}],"version-history":[{"count":49,"href":"https:\/\/www.podistipercaso.it\/home\/wp-json\/wp\/v2\/pages\/1719\/revisions"}],"predecessor-version":[{"id":2881,"href":"https:\/\/www.podistipercaso.it\/home\/wp-json\/wp\/v2\/pages\/1719\/revisions\/2881"}],"wp:attachment":[{"href":"https:\/\/www.podistipercaso.it\/home\/wp-json\/wp\/v2\/media?parent=1719"}],"curies":[{"name":"wp","href":"https:\/\/api.w.org\/{rel}","templated":true}]}}