{"id":111,"date":"2015-02-05T11:30:51","date_gmt":"2015-02-05T10:30:51","guid":{"rendered":"http:\/\/www.podistipercaso.it\/home\/?page_id=111"},"modified":"2022-12-11T19:23:46","modified_gmt":"2022-12-11T18:23:46","slug":"luoghi","status":"publish","type":"page","link":"https:\/\/www.podistipercaso.it\/home\/avola-2\/luoghi\/","title":{"rendered":"Luoghi"},"content":{"rendered":"<p style=\"text-align: left;\" align=\"center\"><span style=\"color: #000000;\"><b><span style=\"font-size: xx-large;\">Cava Grande<\/span><\/b><\/span><\/p>\n<p style=\"text-align: justify;\" align=\"center\"><span style=\"color: #000000;\"><i>\u00c8 uno spettacolo maestoso, proprio imponente, sia che dalle rive del fiume si contempli l&#8217;altezza delle rocce, sia che dalla loro sommit\u00e0 si ammiri la vastit\u00e0 e la profondit\u00e0 di questa cava. Essa contiene abitazioni antiche, scavate nella roccia, e grotte sepolcrali che risalgono a pi\u00f9 di duemila anni fa.<\/i><\/span><\/p>\n<p style=\"text-align: right;\" align=\"right\"><span style=\"color: #000000;\"><strong><i><span lang=\"FR\"><span style=\"font-size: xx-small;\">JEAN HOUEL<\/span><\/span><\/i><\/strong><\/span><\/p>\n<p style=\"text-align: right;\" align=\"right\"><span style=\"color: #000000;\"><strong><i><span lang=\"FR\"><span style=\"font-size: xx-small;\">Voyage pittoresque des isles de Sicilie,<br \/>\nde Malte et de Lipari (1782)<\/span><\/span><\/i><\/strong><\/span><\/p>\n<p style=\"text-align: justify;\"><span style=\"color: #000000;\">A pochi chilometri dal centro di Avola, troviamo l&#8217;antico sito dove sorgeva Avola prima di essere distrutta dal catastrofico terremoto del 1.693 che colp\u00ec i monti Iblei. Si tratta del monte Aquilone, percorrendo i tornanti che conducono in cima alla collina, oltre a godere di un panorama mozzafiato, si possono vedere ancora i resti dell&#8217;antica civilt\u00e0 avolese.<\/span><\/p>\n<p><span style=\"color: #000000;\"> Proseguendo sulla strada provinciale che porta in collina, a 10 chilometri da Avola, troviamo Cava Grande del Cassibile e i laghetti. Si tratta di un canyon interamente scavato dal fiume Cassibile, il quale scorrendo ha scavato nella roccia dei piccoli laghi dove \u00e8 possibile tuffarsi e nuotare. Da alcuni anni Cava Grande \u00e8 riserva naturale.<\/span><\/p>\n<p style=\"text-align: justify;\"><span style=\"color: #000000;\"><b><span style=\"font-size: x-large;\">Notizie storiche<\/span><\/b><\/span><\/p>\n<p style=\"text-align: justify;\"><span style=\"color: #000000;\"> Sfruttando il naturale sito, difeso dalle inaccessibili pareti a strapiombo della cava e la vicinanza dell&#8217;acqua, i Siculi, primi abitatori che si conoscono di questo stupendo luogo, vi hanno costruito due villaggi rupestri, due veri nidi d&#8217;aquila, ancora oggi difficili da raggiungere divenuti ormai parte del paesaggio.<\/span><br \/>\n<span style=\"color: #000000;\"> Intorno al XIII sec. a.C. delle popolazioni della Sicilia sud-orientale, forse spinte da genti italiche pi\u00f9 agguerrite, preferirono rifugiarsi in questi luoghi impervi e ben difesi. <\/span><br \/>\n<span style=\"color: #000000;\"> Si conoscono almeno due villaggi rupestri, quello settentrionale che si nota subito appena ci si affaccia dal belvedere, e quello meridionale, quasi di fronte.<\/span><br \/>\n<span style=\"color: #000000;\"> Il primo risale ai secoli X-XI a.C., secondo per suggestione solo a Pantalica, in cui si trovano centinaia di tombe a grotticella e gli ipogei paleocristiani scavati nelle pareti in posizioni incredibili, disposti uno a fianco dell&#8217;altro, su ben sei differenti livelli paralleli. Quello meridionale, non meno suggestivo del primo \u00e8 situato alla sinistra del belvedere, e richiede, per una visita un secondo itinerario. <\/span><br \/>\n<span style=\"color: #000000;\"> Infine lungo il percorso del fiume si notano molteplici tombe scavate nella roccia e studiate nel secolo scorso da P. Orsi. Le tombe sono quasi tutte a grotticella, a pianta rettangolare o ellittica, con breve corridoio di accesso, dove gli individui venivano disposti in posizione fetale. Successivamente questi luoghi sono stati sempre sfruttati, fino alla prima met\u00e0 del secolo scorso. Infatti poco sopra i laghetti si trovava un monastero, del quale si notano ancora delle rovine e le case di alcune famiglie di Canicattini come i Bombaci e gli Uccello, che traevano il sostentamento dalla produzione di ulivi, carrube e mandorle.<\/span><\/p>\n<p style=\"text-align: justify;\"><span style=\"color: #000000;\"><b><span style=\"font-size: x-large;\">Laghetti e fondovalle<\/span><\/b><\/span><\/p>\n<p style=\"text-align: justify;\"><span style=\"color: #000000;\">Il punto migliore per iniziare la visita della Riserva \u00e8 il belvedere di Avola Antica, facilmente raggiungibile da Avola. Un sentiero ripido ma agevole porta sul fondo della Cava in circa 30 minuti, nella zona dei laghetti pi\u00f9 ampi. Lo stesso sentiero ne incrocia un altro che fiancheggia, a mezza costa, buona parte della cava e permette, avanzando con difficolt\u00e0 fra rovi, felci, piante cespugliose e rocce franate, di percorrerla fino a sboccare sulla piana costiera. La zona protetta, infatti, finisce a mare tutelando anche le piccole ed isolate baie sabbiose attorno alla foce del Cassibile.<\/span><br \/>\n<span style=\"color: #000000;\"> Si pu\u00f2 arrivare alla Prisa sia lungo il fiume, superando non poche difficolt\u00e0 o per il sentiero a mezzacosta dal quale si pu\u00f2 proseguire fino alla diga o per sentieri un p\u00f2 ripidi, scendere fino al fiume, dove si trovano diversi laghetti, poco frequentati, vista la poca facilit\u00e0 di accesso, rispetto a quelli pi\u00f9 grandi e classici.<\/span><br \/>\n<span style=\"color: #000000;\"> Il ritorno si pu\u00f2 compiere o sullo stesso sentiero dell&#8217;andata, o salendo per un comodo sentiero gradinato, presso la diga e quindi ritornare al belvedere attraverso la strada asfaltata.<\/span><\/p>\n<p style=\"text-align: justify;\" align=\"center\"><span style=\"color: #000000;\">\u00a0<b><span style=\"font-size: x-large;\">Sentiero a mezzacosta<\/span><\/b><\/span><\/p>\n<p style=\"text-align: justify;\" align=\"center\"><span style=\"color: #000000;\"> Per una pi\u00f9 completa conoscenza di questo posto incantevole, si possono percorrere anche alcuni chilometri verso la sorgente, seguendo il sentiero a mezzacosta, che si incrocia a met\u00e0 percorso verso la discesa, e arrivando in contrada Prisa, dove si trova l&#8217;invaso con le acque usate per una centrale elettrica, incontrando posti sempre pi\u00f9 selvaggi ed incontaminati, fra odori di piante aromatiche (salvia, timo, ruta, nepetella, origano) ed altre piante spontanee (smilace, edera, rovo) che creano radure difficilmente praticabili, se non da esperti escursionisti. <\/span><br \/>\n<span style=\"color: #000000;\"> Lungo questo sentiero si pu\u00f2 anche raggiungere il villaggio rupestre meridionale, o scendere al fiume attraverso sentieri non tracciati, ma appena visibili, anche se sono molto ripidi e quindi bisogna essere cauti ed attenti.\u00a0 <\/span><br \/>\n<b> <\/b><\/p>\n<p style=\"text-align: justify;\"><span style=\"color: #000000;\"><b><span style=\"font-size: x-large;\">Torrentismo<\/span><\/b><\/span><\/p>\n<p style=\"text-align: justify;\"><span style=\"color: #000000;\"><b><br \/>\n<\/b> Negli ultimi anni si \u00e8 diffusa sempre pi\u00f9 la pratica del torrentismo, che consiste nel percorrere il fondovalle direttamente nelle acque del fiume, superando anche tratti alti a nuoto e godendo di questo fiume in modo pi\u00f9 diretto e nuovo.<\/span><\/p>\n<p style=\"text-align: justify;\" align=\"center\"><span style=\"color: #000000;\"><b><span style=\"font-size: x-large;\">Le Spiagge<\/span><\/b><\/span><\/p>\n<p style=\"text-align: justify;\"><span style=\"color: #000000;\">Il territorio di Avola conta circa 10 km di costa, in gran parte rappresentati da spiagge sabbiose con bassi fondali. Dal lungomare di Avola, che si estende per circa 3 km, si pu\u00f2 accedere alle diverse spiagge, tutte libere ad eccezione di due brevi tratti occupati da stabilimenti balneari. Basta spostarsi poco dal centro abitato per trovare altre belle spiagge. A pochi chilometri ci sono le spiagge di Fontane Bianche, Sabbiadoro in contrada Gallina e Lido di Noto.<\/span><\/p>\n","protected":false},"excerpt":{"rendered":"<p>Cava Grande \u00c8 uno spettacolo maestoso, proprio imponente, sia che dalle rive del fiume si contempli l&#8217;altezza delle rocce, sia che dalla loro sommit\u00e0 si ammiri la vastit\u00e0 e la profondit\u00e0 di questa cava. Essa contiene abitazioni antiche, scavate nella roccia, e grotte sepolcrali che risalgono a pi\u00f9 di duemila anni fa. JEAN HOUEL Voyage [&hellip;]<\/p>\n","protected":false},"author":1,"featured_media":0,"parent":99,"menu_order":0,"comment_status":"closed","ping_status":"closed","template":"","meta":{"footnotes":""},"class_list":["post-111","page","type-page","status-publish","hentry"],"jetpack_sharing_enabled":true,"_links":{"self":[{"href":"https:\/\/www.podistipercaso.it\/home\/wp-json\/wp\/v2\/pages\/111","targetHints":{"allow":["GET"]}}],"collection":[{"href":"https:\/\/www.podistipercaso.it\/home\/wp-json\/wp\/v2\/pages"}],"about":[{"href":"https:\/\/www.podistipercaso.it\/home\/wp-json\/wp\/v2\/types\/page"}],"author":[{"embeddable":true,"href":"https:\/\/www.podistipercaso.it\/home\/wp-json\/wp\/v2\/users\/1"}],"replies":[{"embeddable":true,"href":"https:\/\/www.podistipercaso.it\/home\/wp-json\/wp\/v2\/comments?post=111"}],"version-history":[{"count":6,"href":"https:\/\/www.podistipercaso.it\/home\/wp-json\/wp\/v2\/pages\/111\/revisions"}],"predecessor-version":[{"id":4993,"href":"https:\/\/www.podistipercaso.it\/home\/wp-json\/wp\/v2\/pages\/111\/revisions\/4993"}],"up":[{"embeddable":true,"href":"https:\/\/www.podistipercaso.it\/home\/wp-json\/wp\/v2\/pages\/99"}],"wp:attachment":[{"href":"https:\/\/www.podistipercaso.it\/home\/wp-json\/wp\/v2\/media?parent=111"}],"curies":[{"name":"wp","href":"https:\/\/api.w.org\/{rel}","templated":true}]}}